{"id":557,"date":"2020-12-05T12:37:54","date_gmt":"2020-12-05T12:37:54","guid":{"rendered":"https:\/\/kilinskiego12.pl\/?page_id=557"},"modified":"2020-12-05T12:37:54","modified_gmt":"2020-12-05T12:37:54","slug":"zasady-ochrony-danych-osobowych","status":"publish","type":"page","link":"https:\/\/kilinskiego12.pl\/en\/zasady-ochrony-danych-osobowych\/","title":{"rendered":"ZASADY OCHRONY DANYCH OSOBOWYCH"},"content":{"rendered":"<ol><li>Administratorem danych osobowych U\u017cytkownik\u00f3w jest Revisit Home sp\u00f3\u0142ka z ograniczon\u0105 odpowiedzialno\u015bci\u0105 w \u0141odzi (90-529), ul. Kpt. Pilota Franciszka \u017bwirki 17, wpisana do Rejestru Przedsi\u0119biorc\u00f3w Krajowego Rejestru S\u0105dowego prowadzonego przez S\u0105d Rejonowy dla \u0141odzi-\u015ar\u00f3dmie\u015bcia w \u0141odzi XX Wydzia\u0142 Gospodarczy Krajowego Rejestru S\u0105dowego pod numerem KRS 0000664354, REGON 366592497, NIP 7252182872. Kontakt z Administratorem U\u017cytkownik mo\u017ce uzyska\u0107 informacji w drodze listowej (ul. Kpt. Pilota Franciszka \u017bwirki 17, 90-529 \u0141\u00f3d\u017a), mailowej (biuro@revhome.pl) lub telefonicznej (+48 602 418 523).<\/li><li>Administrator o\u015bwiadcza, \u017ce wdro\u017cy\u0142 i stosuje zasady przetwarzania danych osobowych okre\u015blone w rozporz\u0105dzeniu Parlamentu Europejskiego i Rady (UE) 2016\/679 z dnia 27 kwietnia 2016 r. w sprawie ochrony os\u00f3b fizycznych w zwi\u0105zku z przetwarzaniem danych osobowych i w sprawie swobodnego przep\u0142ywu takich danych oraz uchylenia dyrektywy 95\/46\/WE (Dz.U.E.L.2016.119.1, og\u00f3lne rozporz\u0105dzenie o ochronie danych).<\/li><li>Inspektorem Ochrony Danych Osobowych jest Pan Grzegorz Polak dzia\u0142aj\u0105cy z ramienia Kancelarii Prawnej Expressis Verbis sp. z o. o.&nbsp; Kontakt z Inspektorem mo\u017ce Pani\/Pan uzyska\u0107 w drodze mailowej&nbsp;rodo@expressisverbis.pl, telefonicznej +48 725 439 290 lub listownej Plac Kardyna\u0142a Wyszy\u0144skiego 1, 26-400 Przysucha.<\/li><li>Dane osobowe ka\u017cdego U\u017cytkownika z osobna s\u0105 przetwarzane na podstawie art. 6 ust. 1 lit. a), b), c) i f) RODO w celu wykonania zawartej przez U\u017cytkownika z Revisit Home sp\u00f3\u0142k\u0105 z ograniczon\u0105 odpowiedzialno\u015bci\u0105 umowy dotycz\u0105cej \u015bwiadczenia us\u0142ug oferowanych przez Revisit Home sp\u00f3\u0142k\u0119 z ograniczon\u0105 odpowiedzialno\u015bci\u0105, a tak\u017ce wykonania ci\u0105\u017c\u0105cych na Revisit Home sp\u00f3\u0142ki z ograniczon\u0105 odpowiedzialno\u015bci\u0105 obowi\u0105zk\u00f3w prawnych, weryfikacji wiarygodno\u015bci p\u0142atniczej, dochodzenia roszcze\u0144, marketingu bezpo\u015bredniego us\u0142ug obj\u0119tych ofert\u0105 handlow\u0105 Revisit Home sp\u00f3\u0142ki z ograniczon\u0105 odpowiedzialno\u015bci\u0105, w tym w celu dopasowania oferty handlowej i dzia\u0142a\u0144 promocyjnych do potrzeb U\u017cytkownika, a tak\u017ce tworzenia zestawie\u0144, analiz i statystyk, rozlicze\u0144 finansowych, w tym wystawienia dokument\u00f3w ksi\u0119gowych.<\/li><li>Przetwarzane s\u0105 nast\u0119puj\u0105ce kategorie danych osobowych U\u017cytkownik\u00f3w:<\/li><\/ol>\n\n\n\n<ol><li>imi\u0119 i nazwisko,<\/li><li>numer telefonu,<\/li><li>adres korespondencyjny,<\/li><li>adres e-mail,<\/li><li>adres IP,<\/li><li>NIP (fakultatywnie).<\/li><\/ol>\n\n\n\n<ol><li>Dane osobowe U\u017cytkownika s\u0105 przechowywane przez okres 5 lat od ich otrzymania zgodnie z przepisami ustawy z dnia 29.09.1994 r. o rachunkowo\u015bci (Dz.U. z 2018 r., poz. 395 t.j.).<\/li><li>Revisit Home sp\u00f3\u0142ka z ograniczon\u0105 odpowiedzialno\u015bci\u0105 mo\u017ce udost\u0119pni\u0107 dane osobowe U\u017cytkownika nast\u0119puj\u0105cym kategoriom podmiot\u00f3w:<\/li><\/ol>\n\n\n\n<ol><li>podwykonawcom, czyli podmiotom, za pomoc\u0105 kt\u00f3rych Revisit Home sp\u00f3\u0142ka z ograniczon\u0105 odpowiedzialno\u015bci\u0105 realizuje w\u0142asne zobowi\u0105zania jak np. przewo\u017anicy, operatorzy system\u00f3w p\u0142atno\u015bci lub firmy obs\u0142uguj\u0105ce reklamacje,<\/li><li>podmiotom \u015bwiadcz\u0105cym us\u0142ugi marketingowe i szkoleniowe,<\/li><li>w\u0142a\u015bcicielom platform informatycznych, w kt\u00f3rych s\u0105 przechowywane dane osobowe U\u017cytkownika,<\/li><li>organom w\u0142adzy publicznej, je\u017celi wymagaj\u0105 tego obowi\u0105zuj\u0105ce przepisy prawa.<\/li><li>U\u017cytkownik ma prawo do:<\/li><\/ol>\n\n\n\n<ol><li>\u017c\u0105dania dost\u0119pu do swoich danych osobowych;<\/li><li>\u017c\u0105dania usuni\u0119cia swoich danych osobowych;<\/li><li>\u017c\u0105dania ograniczenia przetwarzania swoich danych osobowych;<\/li><li>wniesienia \u017c\u0105dania zaprzestania przetwarzania swoich danych osobowych;<\/li><li>sprostowania swoich danych osobowych;<\/li><li>przenoszenia swoich danych;<\/li><li>prawo do cofni\u0119cia zgody w dowolnym momencie bez wp\u0142ywu na zgodno\u015b\u0107 z prawem przetwarzania, kt\u00f3rego dokonano na podstawie zgody przed jej cofni\u0119ciem.<\/li><li>wniesienia sprzeciwu do organu nadzorczego, gdy uzna, i\u017c przetwarzanie dotycz\u0105cych go danych osobowych narusza przepisy z zakresu ochrony danych osobowych.<\/li><\/ol>\n\n\n\n<ol><li>Dane osobowe U\u017cytkownika nie s\u0105 i nie b\u0119d\u0105 przekazywane poza Europejski Obszar Gospodarczy.<\/li><li>Dane osobowe U\u017cytkownika nie podlegaj\u0105 zautomatyzowanemu podejmowaniu decyzji, w tym profilowaniu.<\/li><li>Podanie przez Pani\u0105\/Pana danych osobowych jest dobrowolne.<\/li><\/ol>","protected":false},"excerpt":{"rendered":"<p>Administratorem danych osobowych U\u017cytkownik\u00f3w jest Revisit Home sp\u00f3\u0142ka z ograniczon\u0105 odpowiedzialno\u015bci\u0105 w \u0141odzi (90-529), ul. Kpt. Pilota Franciszka \u017bwirki 17, wpisana do Rejestru Przedsi\u0119biorc\u00f3w Krajowego Rejestru S\u0105dowego prowadzonego przez S\u0105d Rejonowy dla \u0141odzi-\u015ar\u00f3dmie\u015bcia w \u0141odzi XX Wydzia\u0142 Gospodarczy Krajowego Rejestru S\u0105dowego pod numerem KRS 0000664354, REGON 366592497, NIP 7252182872. Kontakt z Administratorem U\u017cytkownik mo\u017ce uzyska\u0107 [&hellip;]<\/p>","protected":false},"author":10,"featured_media":0,"parent":0,"menu_order":0,"comment_status":"closed","ping_status":"closed","template":"","meta":{"footnotes":""},"yoast_head":"<!-- This site is optimized with the Yoast SEO plugin v23.3 - https:\/\/yoast.com\/wordpress\/plugins\/seo\/ -->\n<title>ZASADY OCHRONY DANYCH OSOBOWYCH - S\u0142oneczne Tarasy - Zielone Centrum \u0141odzi - nowe apartamenty premium<\/title>\n<meta name=\"robots\" content=\"index, follow, max-snippet:-1, max-image-preview:large, max-video-preview:-1\" \/>\n<link rel=\"canonical\" href=\"https:\/\/kilinskiego12.pl\/en\/zasady-ochrony-danych-osobowych\/\" \/>\n<meta property=\"og:locale\" content=\"en_US\" \/>\n<meta property=\"og:type\" content=\"article\" \/>\n<meta property=\"og:title\" content=\"ZASADY OCHRONY DANYCH OSOBOWYCH - S\u0142oneczne Tarasy - Zielone Centrum \u0141odzi - nowe apartamenty premium\" \/>\n<meta property=\"og:description\" content=\"Administratorem danych osobowych U\u017cytkownik\u00f3w jest Revisit Home sp\u00f3\u0142ka z ograniczon\u0105 odpowiedzialno\u015bci\u0105 w \u0141odzi (90-529), ul. Kpt. Pilota Franciszka \u017bwirki 17, wpisana do Rejestru Przedsi\u0119biorc\u00f3w Krajowego Rejestru S\u0105dowego prowadzonego przez S\u0105d Rejonowy dla \u0141odzi-\u015ar\u00f3dmie\u015bcia w \u0141odzi XX Wydzia\u0142 Gospodarczy Krajowego Rejestru S\u0105dowego pod numerem KRS 0000664354, REGON 366592497, NIP 7252182872. Kontakt z Administratorem U\u017cytkownik mo\u017ce uzyska\u0107 [&hellip;]\" \/>\n<meta property=\"og:url\" content=\"https:\/\/kilinskiego12.pl\/en\/zasady-ochrony-danych-osobowych\/\" \/>\n<meta property=\"og:site_name\" content=\"S\u0142oneczne Tarasy - Zielone Centrum \u0141odzi - nowe apartamenty premium\" \/>\n<meta property=\"article:publisher\" content=\"https:\/\/www.facebook.com\/revisithome\/\" \/>\n<meta name=\"twitter:card\" content=\"summary_large_image\" \/>\n<meta name=\"twitter:label1\" content=\"Est. reading time\" \/>\n\t<meta name=\"twitter:data1\" content=\"3 minutes\" \/>\n<script type=\"application\/ld+json\" class=\"yoast-schema-graph\">{\"@context\":\"https:\/\/schema.org\",\"@graph\":[{\"@type\":\"WebPage\",\"@id\":\"https:\/\/kilinskiego12.pl\/zasady-ochrony-danych-osobowych\/\",\"url\":\"https:\/\/kilinskiego12.pl\/zasady-ochrony-danych-osobowych\/\",\"name\":\"ZASADY OCHRONY DANYCH OSOBOWYCH - S\u0142oneczne Tarasy - Zielone Centrum \u0141odzi - nowe apartamenty premium\",\"isPartOf\":{\"@id\":\"https:\/\/kilinskiego12.pl\/#website\"},\"datePublished\":\"2020-12-05T12:37:54+00:00\",\"dateModified\":\"2020-12-05T12:37:54+00:00\",\"breadcrumb\":{\"@id\":\"https:\/\/kilinskiego12.pl\/zasady-ochrony-danych-osobowych\/#breadcrumb\"},\"inLanguage\":\"en-US\",\"potentialAction\":[{\"@type\":\"ReadAction\",\"target\":[\"https:\/\/kilinskiego12.pl\/zasady-ochrony-danych-osobowych\/\"]}]},{\"@type\":\"BreadcrumbList\",\"@id\":\"https:\/\/kilinskiego12.pl\/zasady-ochrony-danych-osobowych\/#breadcrumb\",\"itemListElement\":[{\"@type\":\"ListItem\",\"position\":1,\"name\":\"Strona g\u0142\u00f3wna\",\"item\":\"https:\/\/kilinskiego12.pl\/\"},{\"@type\":\"ListItem\",\"position\":2,\"name\":\"ZASADY OCHRONY DANYCH OSOBOWYCH\"}]},{\"@type\":\"WebSite\",\"@id\":\"https:\/\/kilinskiego12.pl\/#website\",\"url\":\"https:\/\/kilinskiego12.pl\/\",\"name\":\"S\u0142oneczne Tarasy - Zielone Centrum \u0141odzi - Nowe apartamenty \u0141\u00f3d\u017a Premium\",\"description\":\"Doskona\u0142a lokalizacja tu\u017c przy ul. Piotrkowskiej i parku Helen\u00f3w \u25b6\ufe0f Apartamenty z tarasami \u25b6\ufe0f Mieszkania z ogr\u00f3dkami \u25b6\ufe0fSprawd\u017a luksusow\u0105 inwestycj\u0119!\",\"publisher\":{\"@id\":\"https:\/\/kilinskiego12.pl\/#organization\"},\"potentialAction\":[{\"@type\":\"SearchAction\",\"target\":{\"@type\":\"EntryPoint\",\"urlTemplate\":\"https:\/\/kilinskiego12.pl\/?s={search_term_string}\"},\"query-input\":\"required name=search_term_string\"}],\"inLanguage\":\"en-US\"},{\"@type\":\"Organization\",\"@id\":\"https:\/\/kilinskiego12.pl\/#organization\",\"name\":\"S\u0142oneczne Tarasy - Zielone Centrum \u0141odzi - nowe apartamenty premium\",\"url\":\"https:\/\/kilinskiego12.pl\/\",\"logo\":{\"@type\":\"ImageObject\",\"inLanguage\":\"en-US\",\"@id\":\"https:\/\/kilinskiego12.pl\/#\/schema\/logo\/image\/\",\"url\":\"https:\/\/kilinskiego12.pl\/wp-content\/uploads\/2020\/11\/logo-czarne-sloneczne-tarasy-72dpi.png\",\"contentUrl\":\"https:\/\/kilinskiego12.pl\/wp-content\/uploads\/2020\/11\/logo-czarne-sloneczne-tarasy-72dpi.png\",\"width\":382,\"height\":382,\"caption\":\"S\u0142oneczne Tarasy - Zielone Centrum \u0141odzi - nowe apartamenty premium\"},\"image\":{\"@id\":\"https:\/\/kilinskiego12.pl\/#\/schema\/logo\/image\/\"},\"sameAs\":[\"https:\/\/www.facebook.com\/revisithome\/\",\"https:\/\/www.youtube.com\/@revisithome8513\",\"https:\/\/www.instagram.com\/revisit_home\/\"]}]}<\/script>\n<!-- \/ Yoast SEO plugin. -->","yoast_head_json":{"title":"ZASADY OCHRONY DANYCH OSOBOWYCH - S\u0142oneczne Tarasy - Zielone Centrum \u0141odzi - nowe apartamenty premium","robots":{"index":"index","follow":"follow","max-snippet":"max-snippet:-1","max-image-preview":"max-image-preview:large","max-video-preview":"max-video-preview:-1"},"canonical":"https:\/\/kilinskiego12.pl\/en\/zasady-ochrony-danych-osobowych\/","og_locale":"en_US","og_type":"article","og_title":"ZASADY OCHRONY DANYCH OSOBOWYCH - S\u0142oneczne Tarasy - Zielone Centrum \u0141odzi - nowe apartamenty premium","og_description":"Administratorem danych osobowych U\u017cytkownik\u00f3w jest Revisit Home sp\u00f3\u0142ka z ograniczon\u0105 odpowiedzialno\u015bci\u0105 w \u0141odzi (90-529), ul. Kpt. Pilota Franciszka \u017bwirki 17, wpisana do Rejestru Przedsi\u0119biorc\u00f3w Krajowego Rejestru S\u0105dowego prowadzonego przez S\u0105d Rejonowy dla \u0141odzi-\u015ar\u00f3dmie\u015bcia w \u0141odzi XX Wydzia\u0142 Gospodarczy Krajowego Rejestru S\u0105dowego pod numerem KRS 0000664354, REGON 366592497, NIP 7252182872. Kontakt z Administratorem U\u017cytkownik mo\u017ce uzyska\u0107 [&hellip;]","og_url":"https:\/\/kilinskiego12.pl\/en\/zasady-ochrony-danych-osobowych\/","og_site_name":"S\u0142oneczne Tarasy - Zielone Centrum \u0141odzi - nowe apartamenty premium","article_publisher":"https:\/\/www.facebook.com\/revisithome\/","twitter_card":"summary_large_image","twitter_misc":{"Est. reading time":"3 minutes"},"schema":{"@context":"https:\/\/schema.org","@graph":[{"@type":"WebPage","@id":"https:\/\/kilinskiego12.pl\/zasady-ochrony-danych-osobowych\/","url":"https:\/\/kilinskiego12.pl\/zasady-ochrony-danych-osobowych\/","name":"ZASADY OCHRONY DANYCH OSOBOWYCH - S\u0142oneczne Tarasy - Zielone Centrum \u0141odzi - nowe apartamenty premium","isPartOf":{"@id":"https:\/\/kilinskiego12.pl\/#website"},"datePublished":"2020-12-05T12:37:54+00:00","dateModified":"2020-12-05T12:37:54+00:00","breadcrumb":{"@id":"https:\/\/kilinskiego12.pl\/zasady-ochrony-danych-osobowych\/#breadcrumb"},"inLanguage":"en-US","potentialAction":[{"@type":"ReadAction","target":["https:\/\/kilinskiego12.pl\/zasady-ochrony-danych-osobowych\/"]}]},{"@type":"BreadcrumbList","@id":"https:\/\/kilinskiego12.pl\/zasady-ochrony-danych-osobowych\/#breadcrumb","itemListElement":[{"@type":"ListItem","position":1,"name":"Strona g\u0142\u00f3wna","item":"https:\/\/kilinskiego12.pl\/"},{"@type":"ListItem","position":2,"name":"ZASADY OCHRONY DANYCH OSOBOWYCH"}]},{"@type":"WebSite","@id":"https:\/\/kilinskiego12.pl\/#website","url":"https:\/\/kilinskiego12.pl\/","name":"S\u0142oneczne Tarasy - Zielone Centrum \u0141odzi - Nowe apartamenty \u0141\u00f3d\u017a Premium","description":"Doskona\u0142a lokalizacja tu\u017c przy ul. Piotrkowskiej i parku Helen\u00f3w \u25b6\ufe0f Apartamenty z tarasami \u25b6\ufe0f Mieszkania z ogr\u00f3dkami \u25b6\ufe0fSprawd\u017a luksusow\u0105 inwestycj\u0119!","publisher":{"@id":"https:\/\/kilinskiego12.pl\/#organization"},"potentialAction":[{"@type":"SearchAction","target":{"@type":"EntryPoint","urlTemplate":"https:\/\/kilinskiego12.pl\/?s={search_term_string}"},"query-input":"required name=search_term_string"}],"inLanguage":"en-US"},{"@type":"Organization","@id":"https:\/\/kilinskiego12.pl\/#organization","name":"S\u0142oneczne Tarasy - Zielone Centrum \u0141odzi - nowe apartamenty premium","url":"https:\/\/kilinskiego12.pl\/","logo":{"@type":"ImageObject","inLanguage":"en-US","@id":"https:\/\/kilinskiego12.pl\/#\/schema\/logo\/image\/","url":"https:\/\/kilinskiego12.pl\/wp-content\/uploads\/2020\/11\/logo-czarne-sloneczne-tarasy-72dpi.png","contentUrl":"https:\/\/kilinskiego12.pl\/wp-content\/uploads\/2020\/11\/logo-czarne-sloneczne-tarasy-72dpi.png","width":382,"height":382,"caption":"S\u0142oneczne Tarasy - Zielone Centrum \u0141odzi - nowe apartamenty premium"},"image":{"@id":"https:\/\/kilinskiego12.pl\/#\/schema\/logo\/image\/"},"sameAs":["https:\/\/www.facebook.com\/revisithome\/","https:\/\/www.youtube.com\/@revisithome8513","https:\/\/www.instagram.com\/revisit_home\/"]}]}},"_links":{"self":[{"href":"https:\/\/kilinskiego12.pl\/en\/wp-json\/wp\/v2\/pages\/557"}],"collection":[{"href":"https:\/\/kilinskiego12.pl\/en\/wp-json\/wp\/v2\/pages"}],"about":[{"href":"https:\/\/kilinskiego12.pl\/en\/wp-json\/wp\/v2\/types\/page"}],"author":[{"embeddable":true,"href":"https:\/\/kilinskiego12.pl\/en\/wp-json\/wp\/v2\/users\/10"}],"replies":[{"embeddable":true,"href":"https:\/\/kilinskiego12.pl\/en\/wp-json\/wp\/v2\/comments?post=557"}],"version-history":[{"count":1,"href":"https:\/\/kilinskiego12.pl\/en\/wp-json\/wp\/v2\/pages\/557\/revisions"}],"predecessor-version":[{"id":558,"href":"https:\/\/kilinskiego12.pl\/en\/wp-json\/wp\/v2\/pages\/557\/revisions\/558"}],"wp:attachment":[{"href":"https:\/\/kilinskiego12.pl\/en\/wp-json\/wp\/v2\/media?parent=557"}],"curies":[{"name":"wp","href":"https:\/\/api.w.org\/{rel}","templated":true}]}}