{"id":3,"date":"2020-11-16T11:48:54","date_gmt":"2020-11-16T11:48:54","guid":{"rendered":"http:\/\/kilinskiego12.pl\/?page_id=3"},"modified":"2020-12-05T12:33:29","modified_gmt":"2020-12-05T12:33:29","slug":"polityka-prywatnosci","status":"publish","type":"page","link":"https:\/\/kilinskiego12.pl\/en\/polityka-prywatnosci\/","title":{"rendered":"POLITYKA PRYWATNO\u015aCI FIRMY"},"content":{"rendered":"<h2 class=\"wp-block-heading\">Revisit Home sp\u00f3\u0142ki z ograniczon\u0105 odpowiedzialno\u015bci\u0105<\/h2>\n\n\n\n<ul><li><strong>1. POSTANOWIENIA OG\u00d3LNE<\/strong><\/li><\/ul>\n\n\n\n<ol><li>Administratorem danych osobowych jest Revisit Home sp\u00f3\u0142ka z ograniczon\u0105 odpowiedzialno\u015bci\u0105 w \u0141odzi (90-529), ul. Kpt. Pilota Franciszka \u017bwirki 17, wpisana do Rejestru Przedsi\u0119biorc\u00f3w Krajowego Rejestru S\u0105dowego prowadzonego przez S\u0105d Rejonowy dla \u0141odzi-\u015ar\u00f3dmie\u015bcia w \u0141odzi XX Wydzia\u0142 Gospodarczy Krajowego Rejestru S\u0105dowego pod numerem KRS 0000664354, REGON 366592497, NIP 7252182872 (dalej okre\u015blany jako \u201eUs\u0142ugodawca\u201d lub \u201eOperator\u201d). Ochrona danych odbywa si\u0119 zgodnie z wymogami powszechnie obowi\u0105zuj\u0105cych przepis\u00f3w prawa, a ich przechowywanie ma miejsce na zabezpieczonych serwerach.\u00a0<\/li><li>Na potrzeby lepszego odbioru Polityki Prywatno\u015bci termin \u201eRODO\u201d oznacza Rozporz\u0105dzenie Parlamentu Europejskiego i Rady (UE) 2016\/679 z dnia 27 kwietnia 2016 r. w sprawie ochrony os\u00f3b fizycznych w zwi\u0105zku z przetwarzaniem danych osobowych i w sprawie swobodnego przep\u0142ywu takich danych oraz uchylenia dyrektywy 95\/46\/WE.<\/li><li>Us\u0142ugodawca szanuje prywatno\u015b\u0107 u\u017cytkownik\u00f3w odwiedzaj\u0105cych stron\u0119 internetow\u0105 www.kilinskiego12.pl.\u00a0Jak wi\u0119kszo\u015b\u0107 wydawc\u00f3w stron, Us\u0142ugodawca zbiera adresy IP komputer\u00f3w u\u017cytkownik\u00f3w odwiedzaj\u0105cych stron\u0119 i niezb\u0119dne informacje na temat korzystania z niej, jednak dane te wykorzystuje tylko i wy\u0142\u0105cznie w celach technicznych i administracyjnych (z wyj\u0105tkiem us\u0142ugi geolokalizacji u\u017cytkownika, kt\u00f3ra pozwala skierowa\u0107 go na w\u0142a\u015bciwe dla niego podstrony miejskie serwis\u00f3w). Us\u0142ugodawca nie usi\u0142uje identyfikowa\u0107 u\u017cytkownik\u00f3w. U\u017cywany jest m.in. bezpieczny protok\u00f3\u0142 szyfrowania komunikacji (SSL)<\/li><li>Dane osobowe podawane w formularzu na landing page\u2019u s\u0105 traktowane jako poufne i nie s\u0105 widoczne dla os\u00f3b nieuprawnionych.<\/li><\/ol>\n\n\n\n<ul><li><strong>2. ADMINISTRATOR DANYCH OSOBOWYCH<\/strong><\/li><\/ul>\n\n\n\n<ol><li>Us\u0142ugodawca jest administratorem danych swoich klient\u00f3w. Oznacza to, \u017ce je\u015bli U\u017cytkownika skorzysta z us\u0142ug serwisu\u00a0www.kilinskiego12.pl to Us\u0142ugodawca mo\u017ce przetworzy\u0107 jego nast\u0119puj\u0105ce dane osobowe: imi\u0119, nazwisko, numer telefonu, adres korespondencyjny, adres e-mail, adres IP.<\/li><li>Us\u0142ugodawca jest tak\u017ce administratorem os\u00f3b zapisanych na newsletter.<\/li><li>Dane osobowe przetwarzane s\u0105:\u00a0<\/li><\/ol>\n\n\n\n<ol><li>zgodnie z przepisami dotycz\u0105cymi ochrony danych osobowych,<\/li><li>zgodnie z wdro\u017con\u0105 Polityk\u0105 Prywatno\u015bci,<\/li><li>w zakresie i celu niezb\u0119dnym do nawi\u0105zania, ukszta\u0142towania tre\u015bci Umowy, zmiany b\u0105d\u017a jej rozwi\u0105zania oraz prawid\u0142owej realizacji Us\u0142ug \u015bwiadczonych drog\u0105 elektroniczn\u0105,<\/li><li>w zakresie i celu niezb\u0119dnym do wype\u0142nienia uzasadnionych interes\u00f3w (prawnie usprawiedliwionych cel\u00f3w), a przetwarzanie nie narusza praw i wolno\u015bci osoby, kt\u00f3rej dane dotycz\u0105:<\/li><\/ol>\n\n\n\n<ol><li>w zakresie i celu zgodnym ze zgod\u0105 wyra\u017con\u0105 przez U\u017cytkownika, je\u015bli dokonuje on zakupu oferowanego przez Us\u0142ugodawc\u0119,<\/li><li>w zakresie i celu zgodnym ze zgod\u0105 wyra\u017con\u0105 przez U\u017cytkownika, je\u017celi kontaktuje si\u0119 on z Us\u0142ugodawc\u0105 celem uzyskania informacji o ofercie Portalu i udost\u0119pnia przy tym swoje dane osobowe,<\/li><li>w zakresie i celu zgodnym z wyra\u017con\u0105 przez U\u017cytkownika zgod\u0105, je\u017celi zapisa\u0142e\u015b si\u0119 na newsletter Us\u0142ugodawcy.<\/li><\/ol>\n\n\n\n<p>W przypadku wskazanym w pkt. ii. oraz iii. zbierane i przetwarzane s\u0105 wy\u0142\u0105cznie adresy e-mail. W przypadku wykorzystywania danych na potrzeby newslettera, informacje handlowe b\u0119d\u0105 przesy\u0142ane u\u017cytkownikowi drog\u0105 elektroniczn\u0105 tylko na podstawie jego wyra\u017anej zgody na otrzymywanie ich w takiej formie. U\u017cytkownik mo\u017ce w ka\u017cdym czasie cofn\u0105\u0107 zgod\u0119 na otrzymywanie od Operatora newstlettera drog\u0105 elektroniczn\u0105.<\/p>\n\n\n\n<ol><li>Ka\u017cda osoba, kt\u00f3rej dane dotycz\u0105 (je\u017celi Us\u0142ugodawca jest ich administratorem) ma prawo dost\u0119pu do danych, sprostowania, usuni\u0119cia lub ograniczenia przetwarzania, prawo sprzeciwu, prawo wniesienia skargi do organu nadzorczego.<\/li><li>Kontakt z osob\u0105 nadzoruj\u0105c\u0105 przetwarzanie danych osobowych w organizacji Us\u0142ugodawcy jest mo\u017cliwy drog\u0105 elektroniczn\u0105 pod adresem e-mail:&nbsp;rodo@expressisverbis.pl.<\/li><li>Us\u0142ugodawca zastrzega sobie prawo do przetwarzania danych U\u017cytkownika po rozwi\u0105zaniu Umowy lub cofni\u0119ciu zgody tylko w zakresie na potrzeby dochodzenia ewentualnych roszcze\u0144 przed s\u0105dem lub je\u017celi przepisy krajowe albo unijne b\u0105d\u017a prawa mi\u0119dzynarodowego obliguj\u0105 nas do retencji danych.<\/li><li>Us\u0142ugodawca ma prawo udost\u0119pnia\u0107 dane osobowe U\u017cytkownika oraz innych jego danych podmiotom upowa\u017cnionym na podstawie w\u0142a\u015bciwych przepis\u00f3w prawa (np. organom \u015bcigania).<\/li><li>Usuni\u0119cie danych osobowych mo\u017ce nast\u0105pi\u0107 na skutek cofni\u0119cia zgody b\u0105d\u017a wniesienia prawnie dopuszczalnego sprzeciwu na przetwarzanie danych osobowych.<\/li><li>Us\u0142ugodawca nie udost\u0119pnia danych osobowych innym podmiotom ani\u017celi upowa\u017cnionym na podstawie w\u0142a\u015bciwych przepis\u00f3w prawa.<\/li><li>&nbsp;Us\u0142ugodawca korzysta z system\u00f3w analizy sieciowej, kt\u00f3re mog\u0105 by\u0107 wykorzystywane do tworzenia profil\u00f3w U\u017cytkownik\u00f3w. Za wyj\u0105tkiem powod\u00f3w uzasadnionych wzgl\u0119dami marketingowymi i zgod\u0105 U\u017cytkownika, Profil U\u017cytkownika nie b\u0119dzie oznaczany jego imieniem i nazwiskiem ani te\u017c innym okre\u015bleniem, kt\u00f3re mog\u0142oby pozwoli\u0107 na jego bezpo\u015bredni\u0105 identyfikacj\u0119. Systemy analizy sieciowej wykorzystuj\u0105 w swoich procesach pliki cookie.<\/li><li>Zbierane przez Us\u0142ugodawc\u0119 dane osobowe b\u0119d\u0105 przetwarzane wy\u0142\u0105cznie w celu, w jakim zosta\u0142y przekazane, w spos\u00f3b zgodny z zakresem udzielonego przez U\u017cytkownika zezwolenia oraz na podstawie i w granicach przepis\u00f3w prawa. U\u017cytkownik ma prawo dost\u0119pu do tre\u015bci swoich danych osobowych oraz ich poprawiania jak r\u00f3wnie\u017c prawo do wniesienia pisemnego \u017c\u0105dania zaprzestania przetwarzania danych osobowych.<br>Poprawianie Danych Osobowych mo\u017ce by\u0107 dokonywane poprzez kontakt Klienta z obs\u0142ug\u0105 Portalu, zar\u00f3wno drog\u0105 poczty tradycyjnej jak i poczt\u0105 elektroniczn\u0105.<\/li><li>Us\u0142ugodawca wdro\u017cy\u0142 pseudonimizacj\u0119, szyfrowanie danych oraz ma wprowadzon\u0105 kontrol\u0119 dost\u0119pu, dzi\u0119ki czemu minimalizuje skutki ewentualnego naruszenia bezpiecze\u0144stwa danych.<\/li><li>Dane osobowe przetwarzaj\u0105 osoby wy\u0142\u0105cznie upowa\u017cnione przez Us\u0142ugodawc\u0119 albo podmiot przetwarzaj\u0105cy, z kt\u00f3rymi \u015bci\u015ble wsp\u00f3\u0142pracuje. Nale\u017c\u0105 do nich:<\/li><\/ol>\n\n\n\n<ol><li>firmy kurierskie;<\/li><li>operatorzy system\u00f3w p\u0142atno\u015bci elektronicznej;<\/li><li>podmioty realizuj\u0105ce na nasze zlecenie us\u0142ugi marketingowe i personalizuj\u0105ce kontakty z naszymi klientami.<\/li><\/ol>\n\n\n\n<ol><li>Us\u0142ugodawca informuje, \u017ce do danych osobowych U\u017cytkownika dost\u0119p mog\u0105 uzyska\u0107 r\u00f3wnie\u017c uprawnione organy pa\u0144stwowe w ramach kompetencji okre\u015blonych w\u0142a\u015bciwymi przepisami, w szczeg\u00f3lno\u015bci organy wymiaru sprawiedliwo\u015bci (policja, prokuratura, s\u0105dy).<\/li><li>Us\u0142ugodawca informuje, \u017ce anonimowo U\u017cytkownik mo\u017ce jedynie przegl\u0105da\u0107 oferty pracy publikowane za po\u015brednictwem Portalu. U\u017cytkownik nie mo\u017ce anonimowo lub za po\u015brednictwem pseudonimu rejestrowa\u0107 si\u0119 jako pracownik ani aplikowa\u0107 do pracy za po\u015brednictwem Portalu. Do zarejestrowania si\u0119 jako pracownik oraz aplikowania do pracy konieczne jest podanie danych osobowych okre\u015blonych niniejsz\u0105 Polityk\u0105.<\/li><\/ol>\n\n\n\n<ul><li><strong>3. PLIKI COOKIES<\/strong><\/li><\/ul>\n\n\n\n<ol><li>Witryna www.kilinskiego12.pl\u00a0u\u017cywa cookies (\u201eciasteczek\u201d). S\u0105 to niewielkie pliki tekstowe wysy\u0142ane przez serwer www i przechowywane przez oprogramowanie komputera przegl\u0105darki. Kiedy przegl\u0105darka ponownie po\u0142\u0105czy si\u0119 ze stron\u0105, witryna rozpoznaje rodzaj urz\u0105dzenia, z kt\u00f3rego \u0142\u0105czy si\u0119 u\u017cytkownik. Parametry pozwalaj\u0105 na odczytanie informacji w nich zawartych jedynie serwerowi, kt\u00f3ry je utworzy\u0142. Cookies u\u0142atwiaj\u0105 wi\u0119c korzystanie z wcze\u015bniej odwiedzonych witryn.<\/li><li>Gromadzone informacje dotycz\u0105 adresu IP, typu wykorzystywanej przegl\u0105darki, j\u0119zyka, rodzaju systemu operacyjnego, dostawcy us\u0142ug internetowych, informacji o czasie i dacie, lokalizacji oraz informacji przesy\u0142anych do witryny za po\u015brednictwem formularza kontaktowego.<\/li><li>Zebrane dane s\u0142u\u017c\u0105 do monitorowania i sprawdzenia, w jaki spos\u00f3b u\u017cytkownicy korzystaj\u0105 z naszych witryn, aby usprawnia\u0107 funkcjonowanie serwisu zapewniaj\u0105c bardziej efektywn\u0105 i bezproblemow\u0105 nawigacj\u0119. Monitorowania informacji o u\u017cytkownikach dokonujemy korzystaj\u0105c z narz\u0119dzia Google Analitics, kt\u00f3re rejestruje zachowanie u\u017cytkownika na stronie.<\/li><li>Cookies identyfikuje u\u017cytkownika, co pozwala na dopasowanie tre\u015bci witryny, z kt\u00f3rej korzysta, do jego potrzeb. Zapami\u0119tuj\u0105c jego preferencje, umo\u017cliwia odpowiednie dopasowanie skierowanych do niego reklam. Stosujemy pliki cookies, aby zagwarantowa\u0107 najwy\u017cszy standard wygody naszego serwisu, a zebrane dane s\u0105 wykorzystywane jedynie wewn\u0105trz organizacji Us\u0142ugodawcy w celu optymalizacji dzia\u0142a\u0144.<\/li><li>Na naszej witrynie Us\u0142ugodawca wykorzystuje nast\u0119puj\u0105ce pliki cookies:<\/li><\/ol>\n\n\n\n<ol><li>a) \u201eniezb\u0119dne\u201d pliki cookies, umo\u017cliwiaj\u0105ce korzystanie z us\u0142ug dost\u0119pnych w ramach serwisu, np. uwierzytelniaj\u0105ce pliki cookies wykorzystywane do us\u0142ug wymagaj\u0105cych uwierzytelniania w ramach serwisu;<\/li><li>b) pliki cookies s\u0142u\u017c\u0105ce do zapewnienia bezpiecze\u0144stwa, np. wykorzystywane do wykrywania nadu\u017cy\u0107 w zakresie uwierzytelniania w ramach serwisu;<\/li><li>c) \u201ewydajno\u015bciowe\u201d pliki cookies, umo\u017cliwiaj\u0105ce zbieranie informacji o sposobie korzystania ze stron internetowych serwisu;<\/li><li>d) \u201efunkcjonalne\u201d pliki cookies, umo\u017cliwiaj\u0105ce \u201ezapami\u0119tanie\u201d wybranych przez u\u017cytkownika ustawie\u0144 i personalizacj\u0119 interfejsu u\u017cytkownika, np. w zakresie wybranego j\u0119zyka lub regionu, z kt\u00f3rego pochodzi u\u017cytkownik, rozmiaru czcionki, wygl\u0105du strony internetowej itp.;<\/li><li>e) \u201ereklamowe\u201d pliki cookies, umo\u017cliwiaj\u0105ce dostarczanie u\u017cytkownikom tre\u015bci reklamowych bardziej dostosowanych do ich zainteresowa\u0144.<\/li><li>U\u017cytkownik w ka\u017cdej chwili ma mo\u017cliwo\u015b\u0107 wy\u0142\u0105czenia lub przywr\u00f3cenia opcji gromadzenia cookies poprzez zmian\u0119 ustawie\u0144 w przegl\u0105darce internetowej. Instrukcja zarz\u0105dzania plikami cookies jest dost\u0119pna na stronie: http:\/\/www.allaboutcookies.org\/manage-cookies<\/li><\/ol>\n\n\n\n<figure class=\"wp-block-embed\"><div class=\"wp-block-embed__wrapper\">\nhttp:\/\/www.allaboutcookies.org\/manage-cookies\n<\/div><\/figure>\n\n\n\n<ol><li>U\u017cytkownik powinien mie\u0107 \u015bwiadomo\u015b\u0107 tego, \u017ce wy\u0142\u0105czenie plik\u00f3w cookies mo\u017ce mie\u0107 wp\u0142yw na to jak b\u0119dzie si\u0119 wy\u015bwietla\u0107 strona w przegl\u0105darce. Niedokonanie zmiany ustawie\u0144 w zakresie cookies oznacza, \u017ce b\u0119d\u0105 one zamieszczone w urz\u0105dzeniu ko\u0144cowym u\u017cytkownika, a tym samym Operator mo\u017ce uzyskiwa\u0107 do nich dost\u0119p.<\/li><li>Korzystanie przez U\u017cytkownika z Portalu bez zmiany ustawie\u0144 przegl\u0105darki oznacza akceptacj\u0119 przedstawionych wy\u017cej zasad korzystania z plik\u00f3w cookie i zgod\u0119 na pos\u0142ugiwanie si\u0119 nimi przez Operatora.<\/li><li>Dodatkowe dane osobowe, jak adres e-mail, zbierane s\u0105 jedynie w miejscach, w kt\u00f3rych u\u017cytkownik wype\u0142niaj\u0105c formularz wyra\u017anie wyrazi\u0142 na to zgod\u0119. Powy\u017csze dane zachowujemy i wykorzystujemy tylko do potrzeb niezb\u0119dnych do wykonania danej funkcji.<\/li><\/ol>\n\n\n\n<ul><li><strong>4. OBOWI\u0104ZYWANIE I ZMIANA POLITYKI PRYWATNO\u015aCI<\/strong><\/li><\/ul>\n\n\n\n<ol><li>Niniejsza Polityka prywatno\u015bci obowi\u0105zuje od dnia 01 grudnia 2020 roku.<\/li><li>Operator zastrzega sobie prawo do zmiany polityki prywatno\u015bci i polityki cookies w ka\u017cdym czasie. Jednolity tekst polityki prywatno\u015bci i polityki cookies po zmianach b\u0119dzie dost\u0119pny w na stronie g\u0142\u00f3wnej Portalu w zak\u0142adce \u201epolityka prywatno\u015bci\u201d. O planowanej zmianie Operator poinformuje U\u017cytkownik\u00f3w z dwutygodniowym wyprzedzeniem. Ka\u017cda zmiana polityki prywatno\u015bci i cookies b\u0119dzie widoczna w zak\u0142adce \u201epolityka prywatno\u015bci\u201d na stronie g\u0142\u00f3wnej Portalu.<\/li><\/ol>","protected":false},"excerpt":{"rendered":"<p>Revisit Home sp\u00f3\u0142ki z ograniczon\u0105 odpowiedzialno\u015bci\u0105 1. POSTANOWIENIA OG\u00d3LNE Administratorem danych osobowych jest Revisit Home sp\u00f3\u0142ka z ograniczon\u0105 odpowiedzialno\u015bci\u0105 w \u0141odzi (90-529), ul. Kpt. Pilota Franciszka \u017bwirki 17, wpisana do Rejestru Przedsi\u0119biorc\u00f3w Krajowego Rejestru S\u0105dowego prowadzonego przez S\u0105d Rejonowy dla \u0141odzi-\u015ar\u00f3dmie\u015bcia w \u0141odzi XX Wydzia\u0142 Gospodarczy Krajowego Rejestru S\u0105dowego pod numerem KRS 0000664354, REGON 366592497, [&hellip;]<\/p>","protected":false},"author":10,"featured_media":0,"parent":0,"menu_order":0,"comment_status":"closed","ping_status":"open","template":"","meta":{"footnotes":""},"yoast_head":"<!-- This site is optimized with the Yoast SEO plugin v23.3 - https:\/\/yoast.com\/wordpress\/plugins\/seo\/ -->\n<title>POLITYKA PRYWATNO\u015aCI FIRMY - S\u0142oneczne Tarasy - Zielone Centrum \u0141odzi - nowe apartamenty premium<\/title>\n<meta name=\"robots\" content=\"index, follow, max-snippet:-1, max-image-preview:large, max-video-preview:-1\" \/>\n<link rel=\"canonical\" href=\"https:\/\/kilinskiego12.pl\/en\/polityka-prywatnosci\/\" \/>\n<meta property=\"og:locale\" content=\"en_US\" \/>\n<meta property=\"og:type\" content=\"article\" \/>\n<meta property=\"og:title\" content=\"POLITYKA PRYWATNO\u015aCI FIRMY - S\u0142oneczne Tarasy - Zielone Centrum \u0141odzi - nowe apartamenty premium\" \/>\n<meta property=\"og:description\" content=\"Revisit Home sp\u00f3\u0142ki z ograniczon\u0105 odpowiedzialno\u015bci\u0105 1. POSTANOWIENIA OG\u00d3LNE Administratorem danych osobowych jest Revisit Home sp\u00f3\u0142ka z ograniczon\u0105 odpowiedzialno\u015bci\u0105 w \u0141odzi (90-529), ul. Kpt. Pilota Franciszka \u017bwirki 17, wpisana do Rejestru Przedsi\u0119biorc\u00f3w Krajowego Rejestru S\u0105dowego prowadzonego przez S\u0105d Rejonowy dla \u0141odzi-\u015ar\u00f3dmie\u015bcia w \u0141odzi XX Wydzia\u0142 Gospodarczy Krajowego Rejestru S\u0105dowego pod numerem KRS 0000664354, REGON 366592497, [&hellip;]\" \/>\n<meta property=\"og:url\" content=\"https:\/\/kilinskiego12.pl\/en\/polityka-prywatnosci\/\" \/>\n<meta property=\"og:site_name\" content=\"S\u0142oneczne Tarasy - Zielone Centrum \u0141odzi - nowe apartamenty premium\" \/>\n<meta property=\"article:publisher\" content=\"https:\/\/www.facebook.com\/revisithome\/\" \/>\n<meta property=\"article:modified_time\" content=\"2020-12-05T12:33:29+00:00\" \/>\n<meta name=\"twitter:card\" content=\"summary_large_image\" \/>\n<meta name=\"twitter:label1\" content=\"Est. reading time\" \/>\n\t<meta name=\"twitter:data1\" content=\"8 minutes\" \/>\n<script type=\"application\/ld+json\" class=\"yoast-schema-graph\">{\"@context\":\"https:\/\/schema.org\",\"@graph\":[{\"@type\":\"WebPage\",\"@id\":\"https:\/\/kilinskiego12.pl\/polityka-prywatnosci\/\",\"url\":\"https:\/\/kilinskiego12.pl\/polityka-prywatnosci\/\",\"name\":\"POLITYKA PRYWATNO\u015aCI FIRMY - S\u0142oneczne Tarasy - Zielone Centrum \u0141odzi - nowe apartamenty premium\",\"isPartOf\":{\"@id\":\"https:\/\/kilinskiego12.pl\/#website\"},\"datePublished\":\"2020-11-16T11:48:54+00:00\",\"dateModified\":\"2020-12-05T12:33:29+00:00\",\"breadcrumb\":{\"@id\":\"https:\/\/kilinskiego12.pl\/polityka-prywatnosci\/#breadcrumb\"},\"inLanguage\":\"en-US\",\"potentialAction\":[{\"@type\":\"ReadAction\",\"target\":[\"https:\/\/kilinskiego12.pl\/polityka-prywatnosci\/\"]}]},{\"@type\":\"BreadcrumbList\",\"@id\":\"https:\/\/kilinskiego12.pl\/polityka-prywatnosci\/#breadcrumb\",\"itemListElement\":[{\"@type\":\"ListItem\",\"position\":1,\"name\":\"Strona g\u0142\u00f3wna\",\"item\":\"https:\/\/kilinskiego12.pl\/\"},{\"@type\":\"ListItem\",\"position\":2,\"name\":\"POLITYKA PRYWATNO\u015aCI FIRMY\"}]},{\"@type\":\"WebSite\",\"@id\":\"https:\/\/kilinskiego12.pl\/#website\",\"url\":\"https:\/\/kilinskiego12.pl\/\",\"name\":\"S\u0142oneczne Tarasy - Zielone Centrum \u0141odzi - Nowe apartamenty \u0141\u00f3d\u017a Premium\",\"description\":\"Doskona\u0142a lokalizacja tu\u017c przy ul. Piotrkowskiej i parku Helen\u00f3w \u25b6\ufe0f Apartamenty z tarasami \u25b6\ufe0f Mieszkania z ogr\u00f3dkami \u25b6\ufe0fSprawd\u017a luksusow\u0105 inwestycj\u0119!\",\"publisher\":{\"@id\":\"https:\/\/kilinskiego12.pl\/#organization\"},\"potentialAction\":[{\"@type\":\"SearchAction\",\"target\":{\"@type\":\"EntryPoint\",\"urlTemplate\":\"https:\/\/kilinskiego12.pl\/?s={search_term_string}\"},\"query-input\":\"required name=search_term_string\"}],\"inLanguage\":\"en-US\"},{\"@type\":\"Organization\",\"@id\":\"https:\/\/kilinskiego12.pl\/#organization\",\"name\":\"S\u0142oneczne Tarasy - Zielone Centrum \u0141odzi - nowe apartamenty premium\",\"url\":\"https:\/\/kilinskiego12.pl\/\",\"logo\":{\"@type\":\"ImageObject\",\"inLanguage\":\"en-US\",\"@id\":\"https:\/\/kilinskiego12.pl\/#\/schema\/logo\/image\/\",\"url\":\"https:\/\/kilinskiego12.pl\/wp-content\/uploads\/2020\/11\/logo-czarne-sloneczne-tarasy-72dpi.png\",\"contentUrl\":\"https:\/\/kilinskiego12.pl\/wp-content\/uploads\/2020\/11\/logo-czarne-sloneczne-tarasy-72dpi.png\",\"width\":382,\"height\":382,\"caption\":\"S\u0142oneczne Tarasy - Zielone Centrum \u0141odzi - nowe apartamenty premium\"},\"image\":{\"@id\":\"https:\/\/kilinskiego12.pl\/#\/schema\/logo\/image\/\"},\"sameAs\":[\"https:\/\/www.facebook.com\/revisithome\/\",\"https:\/\/www.youtube.com\/@revisithome8513\",\"https:\/\/www.instagram.com\/revisit_home\/\"]}]}<\/script>\n<!-- \/ Yoast SEO plugin. -->","yoast_head_json":{"title":"POLITYKA PRYWATNO\u015aCI FIRMY - S\u0142oneczne Tarasy - Zielone Centrum \u0141odzi - nowe apartamenty premium","robots":{"index":"index","follow":"follow","max-snippet":"max-snippet:-1","max-image-preview":"max-image-preview:large","max-video-preview":"max-video-preview:-1"},"canonical":"https:\/\/kilinskiego12.pl\/en\/polityka-prywatnosci\/","og_locale":"en_US","og_type":"article","og_title":"POLITYKA PRYWATNO\u015aCI FIRMY - S\u0142oneczne Tarasy - Zielone Centrum \u0141odzi - nowe apartamenty premium","og_description":"Revisit Home sp\u00f3\u0142ki z ograniczon\u0105 odpowiedzialno\u015bci\u0105 1. POSTANOWIENIA OG\u00d3LNE Administratorem danych osobowych jest Revisit Home sp\u00f3\u0142ka z ograniczon\u0105 odpowiedzialno\u015bci\u0105 w \u0141odzi (90-529), ul. Kpt. Pilota Franciszka \u017bwirki 17, wpisana do Rejestru Przedsi\u0119biorc\u00f3w Krajowego Rejestru S\u0105dowego prowadzonego przez S\u0105d Rejonowy dla \u0141odzi-\u015ar\u00f3dmie\u015bcia w \u0141odzi XX Wydzia\u0142 Gospodarczy Krajowego Rejestru S\u0105dowego pod numerem KRS 0000664354, REGON 366592497, [&hellip;]","og_url":"https:\/\/kilinskiego12.pl\/en\/polityka-prywatnosci\/","og_site_name":"S\u0142oneczne Tarasy - Zielone Centrum \u0141odzi - nowe apartamenty premium","article_publisher":"https:\/\/www.facebook.com\/revisithome\/","article_modified_time":"2020-12-05T12:33:29+00:00","twitter_card":"summary_large_image","twitter_misc":{"Est. reading time":"8 minutes"},"schema":{"@context":"https:\/\/schema.org","@graph":[{"@type":"WebPage","@id":"https:\/\/kilinskiego12.pl\/polityka-prywatnosci\/","url":"https:\/\/kilinskiego12.pl\/polityka-prywatnosci\/","name":"POLITYKA PRYWATNO\u015aCI FIRMY - S\u0142oneczne Tarasy - Zielone Centrum \u0141odzi - nowe apartamenty premium","isPartOf":{"@id":"https:\/\/kilinskiego12.pl\/#website"},"datePublished":"2020-11-16T11:48:54+00:00","dateModified":"2020-12-05T12:33:29+00:00","breadcrumb":{"@id":"https:\/\/kilinskiego12.pl\/polityka-prywatnosci\/#breadcrumb"},"inLanguage":"en-US","potentialAction":[{"@type":"ReadAction","target":["https:\/\/kilinskiego12.pl\/polityka-prywatnosci\/"]}]},{"@type":"BreadcrumbList","@id":"https:\/\/kilinskiego12.pl\/polityka-prywatnosci\/#breadcrumb","itemListElement":[{"@type":"ListItem","position":1,"name":"Strona g\u0142\u00f3wna","item":"https:\/\/kilinskiego12.pl\/"},{"@type":"ListItem","position":2,"name":"POLITYKA PRYWATNO\u015aCI FIRMY"}]},{"@type":"WebSite","@id":"https:\/\/kilinskiego12.pl\/#website","url":"https:\/\/kilinskiego12.pl\/","name":"S\u0142oneczne Tarasy - Zielone Centrum \u0141odzi - Nowe apartamenty \u0141\u00f3d\u017a Premium","description":"Doskona\u0142a lokalizacja tu\u017c przy ul. Piotrkowskiej i parku Helen\u00f3w \u25b6\ufe0f Apartamenty z tarasami \u25b6\ufe0f Mieszkania z ogr\u00f3dkami \u25b6\ufe0fSprawd\u017a luksusow\u0105 inwestycj\u0119!","publisher":{"@id":"https:\/\/kilinskiego12.pl\/#organization"},"potentialAction":[{"@type":"SearchAction","target":{"@type":"EntryPoint","urlTemplate":"https:\/\/kilinskiego12.pl\/?s={search_term_string}"},"query-input":"required name=search_term_string"}],"inLanguage":"en-US"},{"@type":"Organization","@id":"https:\/\/kilinskiego12.pl\/#organization","name":"S\u0142oneczne Tarasy - Zielone Centrum \u0141odzi - nowe apartamenty premium","url":"https:\/\/kilinskiego12.pl\/","logo":{"@type":"ImageObject","inLanguage":"en-US","@id":"https:\/\/kilinskiego12.pl\/#\/schema\/logo\/image\/","url":"https:\/\/kilinskiego12.pl\/wp-content\/uploads\/2020\/11\/logo-czarne-sloneczne-tarasy-72dpi.png","contentUrl":"https:\/\/kilinskiego12.pl\/wp-content\/uploads\/2020\/11\/logo-czarne-sloneczne-tarasy-72dpi.png","width":382,"height":382,"caption":"S\u0142oneczne Tarasy - Zielone Centrum \u0141odzi - nowe apartamenty premium"},"image":{"@id":"https:\/\/kilinskiego12.pl\/#\/schema\/logo\/image\/"},"sameAs":["https:\/\/www.facebook.com\/revisithome\/","https:\/\/www.youtube.com\/@revisithome8513","https:\/\/www.instagram.com\/revisit_home\/"]}]}},"_links":{"self":[{"href":"https:\/\/kilinskiego12.pl\/en\/wp-json\/wp\/v2\/pages\/3"}],"collection":[{"href":"https:\/\/kilinskiego12.pl\/en\/wp-json\/wp\/v2\/pages"}],"about":[{"href":"https:\/\/kilinskiego12.pl\/en\/wp-json\/wp\/v2\/types\/page"}],"author":[{"embeddable":true,"href":"https:\/\/kilinskiego12.pl\/en\/wp-json\/wp\/v2\/users\/10"}],"replies":[{"embeddable":true,"href":"https:\/\/kilinskiego12.pl\/en\/wp-json\/wp\/v2\/comments?post=3"}],"version-history":[{"count":1,"href":"https:\/\/kilinskiego12.pl\/en\/wp-json\/wp\/v2\/pages\/3\/revisions"}],"predecessor-version":[{"id":555,"href":"https:\/\/kilinskiego12.pl\/en\/wp-json\/wp\/v2\/pages\/3\/revisions\/555"}],"wp:attachment":[{"href":"https:\/\/kilinskiego12.pl\/en\/wp-json\/wp\/v2\/media?parent=3"}],"curies":[{"name":"wp","href":"https:\/\/api.w.org\/{rel}","templated":true}]}}