{"id":2431,"date":"2025-11-14T09:29:51","date_gmt":"2025-11-14T09:29:51","guid":{"rendered":"https:\/\/kilinskiego12.pl\/?page_id=2431"},"modified":"2025-11-14T16:42:55","modified_gmt":"2025-11-14T16:42:55","slug":"regulamin-promocji","status":"publish","type":"page","link":"https:\/\/kilinskiego12.pl\/en\/regulamin-promocji\/","title":{"rendered":"Regulamin Promocji"},"content":{"rendered":"<div data-elementor-type=\"wp-page\" data-elementor-id=\"2431\" class=\"elementor elementor-2431\" data-elementor-settings=\"[]\">\n\t\t\t\t\t\t<div class=\"elementor-inner\">\n\t\t\t\t\t\t\t<div class=\"elementor-section-wrap\">\n\t\t\t\t\t\t\t<section class=\"elementor-section elementor-top-section elementor-element elementor-element-8b4f35f elementor-section-boxed elementor-section-height-default elementor-section-height-default\" data-id=\"8b4f35f\" data-element_type=\"section\">\n\t\t\t\t\t\t<div class=\"elementor-container elementor-column-gap-default\">\n\t\t\t\t\t\t\t<div class=\"elementor-row\">\n\t\t\t\t\t<div class=\"elementor-column elementor-col-100 elementor-top-column elementor-element elementor-element-7be3a69\" data-id=\"7be3a69\" data-element_type=\"column\">\n\t\t\t<div class=\"elementor-column-wrap elementor-element-populated\">\n\t\t\t\t\t\t\t<div class=\"elementor-widget-wrap\">\n\t\t\t\t\t\t<div class=\"elementor-element elementor-element-c9f8dd7 elementor-widget elementor-widget-text-editor\" data-id=\"c9f8dd7\" data-element_type=\"widget\" data-widget_type=\"text-editor.default\">\n\t\t\t\t<div class=\"elementor-widget-container\">\n\t\t\t\t\t<div class=\"elementor-text-editor elementor-clearfix\"><style>\n.btn-regulamin {\n  background:#1e63ff;\n  color:#fff;\n  padding:14px 28px;\n  text-decoration:none;\n  border-radius:6px;\n  font-size:18px;\n  display:inline-block;\n  transition: all 0.25s ease;\n}\n\n.btn-regulamin:hover {\n  background:#0b4de0;\n  transform: translateY(-3px);\n  box-shadow:0 6px 15px rgba(0,0,0,0.18);\n  color:#fff;\n}\n<\/style>\n\n<h1 style=\"text-align: center; margin-bottom: 25px;\">Regulamin akcji promocyjnej<\/h1>\n<h2 style=\"text-align: center;\"><strong>&#8222;Miejsce postojowe gratis&#8221;<\/strong><\/h2>\n<div style=\"text-align: center; margin-bottom: 40px;\"><a class=\"btn-regulamin\"  href=\"https:\/\/kilinskiego12.pl\/wp-content\/uploads\/2025\/11\/Regulamin-miejsce-postojowe-gratis.pdf\" target=\"_blank\" rel=\"noopener\">Pobierz regulamin PDF\n<\/a><\/div><\/div>\n\t\t\t\t<\/div>\n\t\t\t\t<\/div>\n\t\t\t\t\t\t<\/div>\n\t\t\t\t\t<\/div>\n\t\t<\/div>\n\t\t\t\t\t\t\t\t<\/div>\n\t\t\t\t\t<\/div>\n\t\t<\/section>\n\t\t\t\t\t\t<\/div>\n\t\t\t\t\t\t<\/div>\n\t\t\t\t\t<\/div>","protected":false},"excerpt":{"rendered":"<p>Regulamin akcji promocyjnej &#8222;Miejsce postojowe gratis&#8221; Pobierz regulamin PDF<\/p>","protected":false},"author":11,"featured_media":0,"parent":0,"menu_order":0,"comment_status":"closed","ping_status":"closed","template":"elementor_header_footer","meta":{"footnotes":""},"yoast_head":"<!-- This site is optimized with the Yoast SEO plugin v23.3 - https:\/\/yoast.com\/wordpress\/plugins\/seo\/ -->\n<title>Regulamin Promocji - S\u0142oneczne Tarasy - Zielone Centrum \u0141odzi - nowe apartamenty premium<\/title>\n<meta name=\"robots\" content=\"index, follow, max-snippet:-1, max-image-preview:large, max-video-preview:-1\" \/>\n<link rel=\"canonical\" href=\"https:\/\/kilinskiego12.pl\/en\/regulamin-promocji\/\" \/>\n<meta property=\"og:locale\" content=\"en_US\" \/>\n<meta property=\"og:type\" content=\"article\" \/>\n<meta property=\"og:title\" content=\"Regulamin Promocji - S\u0142oneczne Tarasy - Zielone Centrum \u0141odzi - nowe apartamenty premium\" \/>\n<meta property=\"og:description\" content=\"Regulamin akcji promocyjnej &#8222;Miejsce postojowe gratis&#8221; Pobierz regulamin PDF\" \/>\n<meta property=\"og:url\" content=\"https:\/\/kilinskiego12.pl\/en\/regulamin-promocji\/\" \/>\n<meta property=\"og:site_name\" content=\"S\u0142oneczne Tarasy - Zielone Centrum \u0141odzi - nowe apartamenty premium\" \/>\n<meta property=\"article:publisher\" content=\"https:\/\/www.facebook.com\/revisithome\/\" \/>\n<meta property=\"article:modified_time\" content=\"2025-11-14T16:42:55+00:00\" \/>\n<meta name=\"twitter:card\" content=\"summary_large_image\" \/>\n<meta name=\"twitter:label1\" content=\"Est. reading time\" \/>\n\t<meta name=\"twitter:data1\" content=\"1 minute\" \/>\n<script type=\"application\/ld+json\" class=\"yoast-schema-graph\">{\"@context\":\"https:\/\/schema.org\",\"@graph\":[{\"@type\":\"WebPage\",\"@id\":\"https:\/\/kilinskiego12.pl\/regulamin-promocji\/\",\"url\":\"https:\/\/kilinskiego12.pl\/regulamin-promocji\/\",\"name\":\"Regulamin Promocji - S\u0142oneczne Tarasy - Zielone Centrum \u0141odzi - nowe apartamenty premium\",\"isPartOf\":{\"@id\":\"https:\/\/kilinskiego12.pl\/#website\"},\"datePublished\":\"2025-11-14T09:29:51+00:00\",\"dateModified\":\"2025-11-14T16:42:55+00:00\",\"breadcrumb\":{\"@id\":\"https:\/\/kilinskiego12.pl\/regulamin-promocji\/#breadcrumb\"},\"inLanguage\":\"en-US\",\"potentialAction\":[{\"@type\":\"ReadAction\",\"target\":[\"https:\/\/kilinskiego12.pl\/regulamin-promocji\/\"]}]},{\"@type\":\"BreadcrumbList\",\"@id\":\"https:\/\/kilinskiego12.pl\/regulamin-promocji\/#breadcrumb\",\"itemListElement\":[{\"@type\":\"ListItem\",\"position\":1,\"name\":\"Strona g\u0142\u00f3wna\",\"item\":\"https:\/\/kilinskiego12.pl\/\"},{\"@type\":\"ListItem\",\"position\":2,\"name\":\"Regulamin Promocji\"}]},{\"@type\":\"WebSite\",\"@id\":\"https:\/\/kilinskiego12.pl\/#website\",\"url\":\"https:\/\/kilinskiego12.pl\/\",\"name\":\"S\u0142oneczne Tarasy - Zielone Centrum \u0141odzi - Nowe apartamenty \u0141\u00f3d\u017a Premium\",\"description\":\"Doskona\u0142a lokalizacja tu\u017c przy ul. Piotrkowskiej i parku Helen\u00f3w \u25b6\ufe0f Apartamenty z tarasami \u25b6\ufe0f Mieszkania z ogr\u00f3dkami \u25b6\ufe0fSprawd\u017a luksusow\u0105 inwestycj\u0119!\",\"publisher\":{\"@id\":\"https:\/\/kilinskiego12.pl\/#organization\"},\"potentialAction\":[{\"@type\":\"SearchAction\",\"target\":{\"@type\":\"EntryPoint\",\"urlTemplate\":\"https:\/\/kilinskiego12.pl\/?s={search_term_string}\"},\"query-input\":\"required name=search_term_string\"}],\"inLanguage\":\"en-US\"},{\"@type\":\"Organization\",\"@id\":\"https:\/\/kilinskiego12.pl\/#organization\",\"name\":\"S\u0142oneczne Tarasy - Zielone Centrum \u0141odzi - nowe apartamenty premium\",\"url\":\"https:\/\/kilinskiego12.pl\/\",\"logo\":{\"@type\":\"ImageObject\",\"inLanguage\":\"en-US\",\"@id\":\"https:\/\/kilinskiego12.pl\/#\/schema\/logo\/image\/\",\"url\":\"https:\/\/kilinskiego12.pl\/wp-content\/uploads\/2020\/11\/logo-czarne-sloneczne-tarasy-72dpi.png\",\"contentUrl\":\"https:\/\/kilinskiego12.pl\/wp-content\/uploads\/2020\/11\/logo-czarne-sloneczne-tarasy-72dpi.png\",\"width\":382,\"height\":382,\"caption\":\"S\u0142oneczne Tarasy - Zielone Centrum \u0141odzi - nowe apartamenty premium\"},\"image\":{\"@id\":\"https:\/\/kilinskiego12.pl\/#\/schema\/logo\/image\/\"},\"sameAs\":[\"https:\/\/www.facebook.com\/revisithome\/\",\"https:\/\/www.youtube.com\/@revisithome8513\",\"https:\/\/www.instagram.com\/revisit_home\/\"]}]}<\/script>\n<!-- \/ Yoast SEO plugin. -->","yoast_head_json":{"title":"Regulamin Promocji - S\u0142oneczne Tarasy - Zielone Centrum \u0141odzi - nowe apartamenty premium","robots":{"index":"index","follow":"follow","max-snippet":"max-snippet:-1","max-image-preview":"max-image-preview:large","max-video-preview":"max-video-preview:-1"},"canonical":"https:\/\/kilinskiego12.pl\/en\/regulamin-promocji\/","og_locale":"en_US","og_type":"article","og_title":"Regulamin Promocji - S\u0142oneczne Tarasy - Zielone Centrum \u0141odzi - nowe apartamenty premium","og_description":"Regulamin akcji promocyjnej &#8222;Miejsce postojowe gratis&#8221; Pobierz regulamin PDF","og_url":"https:\/\/kilinskiego12.pl\/en\/regulamin-promocji\/","og_site_name":"S\u0142oneczne Tarasy - Zielone Centrum \u0141odzi - nowe apartamenty premium","article_publisher":"https:\/\/www.facebook.com\/revisithome\/","article_modified_time":"2025-11-14T16:42:55+00:00","twitter_card":"summary_large_image","twitter_misc":{"Est. reading time":"1 minute"},"schema":{"@context":"https:\/\/schema.org","@graph":[{"@type":"WebPage","@id":"https:\/\/kilinskiego12.pl\/regulamin-promocji\/","url":"https:\/\/kilinskiego12.pl\/regulamin-promocji\/","name":"Regulamin Promocji - S\u0142oneczne Tarasy - Zielone Centrum \u0141odzi - nowe apartamenty premium","isPartOf":{"@id":"https:\/\/kilinskiego12.pl\/#website"},"datePublished":"2025-11-14T09:29:51+00:00","dateModified":"2025-11-14T16:42:55+00:00","breadcrumb":{"@id":"https:\/\/kilinskiego12.pl\/regulamin-promocji\/#breadcrumb"},"inLanguage":"en-US","potentialAction":[{"@type":"ReadAction","target":["https:\/\/kilinskiego12.pl\/regulamin-promocji\/"]}]},{"@type":"BreadcrumbList","@id":"https:\/\/kilinskiego12.pl\/regulamin-promocji\/#breadcrumb","itemListElement":[{"@type":"ListItem","position":1,"name":"Strona g\u0142\u00f3wna","item":"https:\/\/kilinskiego12.pl\/"},{"@type":"ListItem","position":2,"name":"Regulamin Promocji"}]},{"@type":"WebSite","@id":"https:\/\/kilinskiego12.pl\/#website","url":"https:\/\/kilinskiego12.pl\/","name":"S\u0142oneczne Tarasy - Zielone Centrum \u0141odzi - Nowe apartamenty \u0141\u00f3d\u017a Premium","description":"Doskona\u0142a lokalizacja tu\u017c przy ul. Piotrkowskiej i parku Helen\u00f3w \u25b6\ufe0f Apartamenty z tarasami \u25b6\ufe0f Mieszkania z ogr\u00f3dkami \u25b6\ufe0fSprawd\u017a luksusow\u0105 inwestycj\u0119!","publisher":{"@id":"https:\/\/kilinskiego12.pl\/#organization"},"potentialAction":[{"@type":"SearchAction","target":{"@type":"EntryPoint","urlTemplate":"https:\/\/kilinskiego12.pl\/?s={search_term_string}"},"query-input":"required name=search_term_string"}],"inLanguage":"en-US"},{"@type":"Organization","@id":"https:\/\/kilinskiego12.pl\/#organization","name":"S\u0142oneczne Tarasy - Zielone Centrum \u0141odzi - nowe apartamenty premium","url":"https:\/\/kilinskiego12.pl\/","logo":{"@type":"ImageObject","inLanguage":"en-US","@id":"https:\/\/kilinskiego12.pl\/#\/schema\/logo\/image\/","url":"https:\/\/kilinskiego12.pl\/wp-content\/uploads\/2020\/11\/logo-czarne-sloneczne-tarasy-72dpi.png","contentUrl":"https:\/\/kilinskiego12.pl\/wp-content\/uploads\/2020\/11\/logo-czarne-sloneczne-tarasy-72dpi.png","width":382,"height":382,"caption":"S\u0142oneczne Tarasy - Zielone Centrum \u0141odzi - nowe apartamenty premium"},"image":{"@id":"https:\/\/kilinskiego12.pl\/#\/schema\/logo\/image\/"},"sameAs":["https:\/\/www.facebook.com\/revisithome\/","https:\/\/www.youtube.com\/@revisithome8513","https:\/\/www.instagram.com\/revisit_home\/"]}]}},"_links":{"self":[{"href":"https:\/\/kilinskiego12.pl\/en\/wp-json\/wp\/v2\/pages\/2431"}],"collection":[{"href":"https:\/\/kilinskiego12.pl\/en\/wp-json\/wp\/v2\/pages"}],"about":[{"href":"https:\/\/kilinskiego12.pl\/en\/wp-json\/wp\/v2\/types\/page"}],"author":[{"embeddable":true,"href":"https:\/\/kilinskiego12.pl\/en\/wp-json\/wp\/v2\/users\/11"}],"replies":[{"embeddable":true,"href":"https:\/\/kilinskiego12.pl\/en\/wp-json\/wp\/v2\/comments?post=2431"}],"version-history":[{"count":17,"href":"https:\/\/kilinskiego12.pl\/en\/wp-json\/wp\/v2\/pages\/2431\/revisions"}],"predecessor-version":[{"id":2454,"href":"https:\/\/kilinskiego12.pl\/en\/wp-json\/wp\/v2\/pages\/2431\/revisions\/2454"}],"wp:attachment":[{"href":"https:\/\/kilinskiego12.pl\/en\/wp-json\/wp\/v2\/media?parent=2431"}],"curies":[{"name":"wp","href":"https:\/\/api.w.org\/{rel}","templated":true}]}}