{"id":1556,"date":"2022-03-22T09:55:40","date_gmt":"2022-03-22T09:55:40","guid":{"rendered":"https:\/\/kilinskiego12.pl\/?page_id=1556"},"modified":"2022-07-22T10:22:42","modified_gmt":"2022-07-22T10:22:42","slug":"widok3d","status":"publish","type":"page","link":"https:\/\/kilinskiego12.pl\/en\/widok3d\/","title":{"rendered":"widok3d"},"content":{"rendered":"<div data-elementor-type=\"wp-page\" data-elementor-id=\"1556\" class=\"elementor elementor-1556\" data-elementor-settings=\"[]\">\n\t\t\t\t\t\t<div class=\"elementor-inner\">\n\t\t\t\t\t\t\t<div class=\"elementor-section-wrap\">\n\t\t\t\t\t\t\t<section class=\"elementor-section elementor-top-section elementor-element elementor-element-5dfb5cd elementor-section-full_width elementor-section-height-default elementor-section-height-default\" data-id=\"5dfb5cd\" data-element_type=\"section\">\n\t\t\t\t\t\t<div class=\"elementor-container elementor-column-gap-default\">\n\t\t\t\t\t\t\t<div class=\"elementor-row\">\n\t\t\t\t\t<div class=\"elementor-column elementor-col-100 elementor-top-column elementor-element elementor-element-76f0102\" data-id=\"76f0102\" data-element_type=\"column\">\n\t\t\t<div class=\"elementor-column-wrap elementor-element-populated\">\n\t\t\t\t\t\t\t<div class=\"elementor-widget-wrap\">\n\t\t\t\t\t\t<div class=\"elementor-element elementor-element-84fa604 elementor-widget elementor-widget-html\" data-id=\"84fa604\" data-element_type=\"widget\" data-widget_type=\"html.default\">\n\t\t\t\t<div class=\"elementor-widget-container\">\n\t\t\t<div id=\"smart-makieta\"><\/div>\n<script\nsrc=\"https:\/\/3destatesmartmakietaemb.z6.web.core.windows.net\/v1\/js\/main.js\"\nonload=\"(function(){SM.init('ee132bfc-a8e6-4857-b006-f0f482f26ca9','smart-makieta', {}, {location: true, gallery: true, showPrice: true, logoMain: true})})()\"\n><\/script>\t\t<\/div>\n\t\t\t\t<\/div>\n\t\t\t\t\t\t<\/div>\n\t\t\t\t\t<\/div>\n\t\t<\/div>\n\t\t\t\t\t\t\t\t<\/div>\n\t\t\t\t\t<\/div>\n\t\t<\/section>\n\t\t\t\t\t\t<\/div>\n\t\t\t\t\t\t<\/div>\n\t\t\t\t\t<\/div>","protected":false},"excerpt":{"rendered":"","protected":false},"author":10,"featured_media":0,"parent":0,"menu_order":0,"comment_status":"closed","ping_status":"closed","template":"elementor_header_footer","meta":{"footnotes":""},"yoast_head":"<!-- This site is optimized with the Yoast SEO plugin v23.3 - https:\/\/yoast.com\/wordpress\/plugins\/seo\/ -->\n<title>widok3d - S\u0142oneczne Tarasy - Zielone Centrum \u0141odzi - nowe apartamenty premium<\/title>\n<meta name=\"robots\" content=\"index, follow, max-snippet:-1, max-image-preview:large, max-video-preview:-1\" \/>\n<link rel=\"canonical\" href=\"https:\/\/kilinskiego12.pl\/en\/widok3d\/\" \/>\n<meta property=\"og:locale\" content=\"en_US\" \/>\n<meta property=\"og:type\" content=\"article\" \/>\n<meta property=\"og:title\" content=\"widok3d - S\u0142oneczne Tarasy - Zielone Centrum \u0141odzi - nowe apartamenty premium\" \/>\n<meta property=\"og:url\" content=\"https:\/\/kilinskiego12.pl\/en\/widok3d\/\" \/>\n<meta property=\"og:site_name\" content=\"S\u0142oneczne Tarasy - Zielone Centrum \u0141odzi - nowe apartamenty premium\" \/>\n<meta property=\"article:publisher\" content=\"https:\/\/www.facebook.com\/revisithome\/\" \/>\n<meta property=\"article:modified_time\" content=\"2022-07-22T10:22:42+00:00\" \/>\n<meta name=\"twitter:card\" content=\"summary_large_image\" \/>\n<script type=\"application\/ld+json\" class=\"yoast-schema-graph\">{\"@context\":\"https:\/\/schema.org\",\"@graph\":[{\"@type\":\"WebPage\",\"@id\":\"https:\/\/kilinskiego12.pl\/widok3d\/\",\"url\":\"https:\/\/kilinskiego12.pl\/widok3d\/\",\"name\":\"widok3d - S\u0142oneczne Tarasy - Zielone Centrum \u0141odzi - nowe apartamenty premium\",\"isPartOf\":{\"@id\":\"https:\/\/kilinskiego12.pl\/#website\"},\"datePublished\":\"2022-03-22T09:55:40+00:00\",\"dateModified\":\"2022-07-22T10:22:42+00:00\",\"breadcrumb\":{\"@id\":\"https:\/\/kilinskiego12.pl\/widok3d\/#breadcrumb\"},\"inLanguage\":\"en-US\",\"potentialAction\":[{\"@type\":\"ReadAction\",\"target\":[\"https:\/\/kilinskiego12.pl\/widok3d\/\"]}]},{\"@type\":\"BreadcrumbList\",\"@id\":\"https:\/\/kilinskiego12.pl\/widok3d\/#breadcrumb\",\"itemListElement\":[{\"@type\":\"ListItem\",\"position\":1,\"name\":\"Strona g\u0142\u00f3wna\",\"item\":\"https:\/\/kilinskiego12.pl\/\"},{\"@type\":\"ListItem\",\"position\":2,\"name\":\"widok3d\"}]},{\"@type\":\"WebSite\",\"@id\":\"https:\/\/kilinskiego12.pl\/#website\",\"url\":\"https:\/\/kilinskiego12.pl\/\",\"name\":\"S\u0142oneczne Tarasy - Zielone Centrum \u0141odzi - Nowe apartamenty \u0141\u00f3d\u017a Premium\",\"description\":\"Doskona\u0142a lokalizacja tu\u017c przy ul. Piotrkowskiej i parku Helen\u00f3w \u25b6\ufe0f Apartamenty z tarasami \u25b6\ufe0f Mieszkania z ogr\u00f3dkami \u25b6\ufe0fSprawd\u017a luksusow\u0105 inwestycj\u0119!\",\"publisher\":{\"@id\":\"https:\/\/kilinskiego12.pl\/#organization\"},\"potentialAction\":[{\"@type\":\"SearchAction\",\"target\":{\"@type\":\"EntryPoint\",\"urlTemplate\":\"https:\/\/kilinskiego12.pl\/?s={search_term_string}\"},\"query-input\":\"required name=search_term_string\"}],\"inLanguage\":\"en-US\"},{\"@type\":\"Organization\",\"@id\":\"https:\/\/kilinskiego12.pl\/#organization\",\"name\":\"S\u0142oneczne Tarasy - Zielone Centrum \u0141odzi - nowe apartamenty premium\",\"url\":\"https:\/\/kilinskiego12.pl\/\",\"logo\":{\"@type\":\"ImageObject\",\"inLanguage\":\"en-US\",\"@id\":\"https:\/\/kilinskiego12.pl\/#\/schema\/logo\/image\/\",\"url\":\"https:\/\/kilinskiego12.pl\/wp-content\/uploads\/2020\/11\/logo-czarne-sloneczne-tarasy-72dpi.png\",\"contentUrl\":\"https:\/\/kilinskiego12.pl\/wp-content\/uploads\/2020\/11\/logo-czarne-sloneczne-tarasy-72dpi.png\",\"width\":382,\"height\":382,\"caption\":\"S\u0142oneczne Tarasy - Zielone Centrum \u0141odzi - nowe apartamenty premium\"},\"image\":{\"@id\":\"https:\/\/kilinskiego12.pl\/#\/schema\/logo\/image\/\"},\"sameAs\":[\"https:\/\/www.facebook.com\/revisithome\/\",\"https:\/\/www.youtube.com\/@revisithome8513\",\"https:\/\/www.instagram.com\/revisit_home\/\"]}]}<\/script>\n<!-- \/ Yoast SEO plugin. -->","yoast_head_json":{"title":"widok3d - S\u0142oneczne Tarasy - Zielone Centrum \u0141odzi - nowe apartamenty premium","robots":{"index":"index","follow":"follow","max-snippet":"max-snippet:-1","max-image-preview":"max-image-preview:large","max-video-preview":"max-video-preview:-1"},"canonical":"https:\/\/kilinskiego12.pl\/en\/widok3d\/","og_locale":"en_US","og_type":"article","og_title":"widok3d - S\u0142oneczne Tarasy - Zielone Centrum \u0141odzi - nowe apartamenty premium","og_url":"https:\/\/kilinskiego12.pl\/en\/widok3d\/","og_site_name":"S\u0142oneczne Tarasy - Zielone Centrum \u0141odzi - nowe apartamenty premium","article_publisher":"https:\/\/www.facebook.com\/revisithome\/","article_modified_time":"2022-07-22T10:22:42+00:00","twitter_card":"summary_large_image","schema":{"@context":"https:\/\/schema.org","@graph":[{"@type":"WebPage","@id":"https:\/\/kilinskiego12.pl\/widok3d\/","url":"https:\/\/kilinskiego12.pl\/widok3d\/","name":"widok3d - S\u0142oneczne Tarasy - Zielone Centrum \u0141odzi - nowe apartamenty premium","isPartOf":{"@id":"https:\/\/kilinskiego12.pl\/#website"},"datePublished":"2022-03-22T09:55:40+00:00","dateModified":"2022-07-22T10:22:42+00:00","breadcrumb":{"@id":"https:\/\/kilinskiego12.pl\/widok3d\/#breadcrumb"},"inLanguage":"en-US","potentialAction":[{"@type":"ReadAction","target":["https:\/\/kilinskiego12.pl\/widok3d\/"]}]},{"@type":"BreadcrumbList","@id":"https:\/\/kilinskiego12.pl\/widok3d\/#breadcrumb","itemListElement":[{"@type":"ListItem","position":1,"name":"Strona g\u0142\u00f3wna","item":"https:\/\/kilinskiego12.pl\/"},{"@type":"ListItem","position":2,"name":"widok3d"}]},{"@type":"WebSite","@id":"https:\/\/kilinskiego12.pl\/#website","url":"https:\/\/kilinskiego12.pl\/","name":"S\u0142oneczne Tarasy - Zielone Centrum \u0141odzi - Nowe apartamenty \u0141\u00f3d\u017a Premium","description":"Doskona\u0142a lokalizacja tu\u017c przy ul. Piotrkowskiej i parku Helen\u00f3w \u25b6\ufe0f Apartamenty z tarasami \u25b6\ufe0f Mieszkania z ogr\u00f3dkami \u25b6\ufe0fSprawd\u017a luksusow\u0105 inwestycj\u0119!","publisher":{"@id":"https:\/\/kilinskiego12.pl\/#organization"},"potentialAction":[{"@type":"SearchAction","target":{"@type":"EntryPoint","urlTemplate":"https:\/\/kilinskiego12.pl\/?s={search_term_string}"},"query-input":"required name=search_term_string"}],"inLanguage":"en-US"},{"@type":"Organization","@id":"https:\/\/kilinskiego12.pl\/#organization","name":"S\u0142oneczne Tarasy - Zielone Centrum \u0141odzi - nowe apartamenty premium","url":"https:\/\/kilinskiego12.pl\/","logo":{"@type":"ImageObject","inLanguage":"en-US","@id":"https:\/\/kilinskiego12.pl\/#\/schema\/logo\/image\/","url":"https:\/\/kilinskiego12.pl\/wp-content\/uploads\/2020\/11\/logo-czarne-sloneczne-tarasy-72dpi.png","contentUrl":"https:\/\/kilinskiego12.pl\/wp-content\/uploads\/2020\/11\/logo-czarne-sloneczne-tarasy-72dpi.png","width":382,"height":382,"caption":"S\u0142oneczne Tarasy - Zielone Centrum \u0141odzi - nowe apartamenty premium"},"image":{"@id":"https:\/\/kilinskiego12.pl\/#\/schema\/logo\/image\/"},"sameAs":["https:\/\/www.facebook.com\/revisithome\/","https:\/\/www.youtube.com\/@revisithome8513","https:\/\/www.instagram.com\/revisit_home\/"]}]}},"_links":{"self":[{"href":"https:\/\/kilinskiego12.pl\/en\/wp-json\/wp\/v2\/pages\/1556"}],"collection":[{"href":"https:\/\/kilinskiego12.pl\/en\/wp-json\/wp\/v2\/pages"}],"about":[{"href":"https:\/\/kilinskiego12.pl\/en\/wp-json\/wp\/v2\/types\/page"}],"author":[{"embeddable":true,"href":"https:\/\/kilinskiego12.pl\/en\/wp-json\/wp\/v2\/users\/10"}],"replies":[{"embeddable":true,"href":"https:\/\/kilinskiego12.pl\/en\/wp-json\/wp\/v2\/comments?post=1556"}],"version-history":[{"count":92,"href":"https:\/\/kilinskiego12.pl\/en\/wp-json\/wp\/v2\/pages\/1556\/revisions"}],"predecessor-version":[{"id":1686,"href":"https:\/\/kilinskiego12.pl\/en\/wp-json\/wp\/v2\/pages\/1556\/revisions\/1686"}],"wp:attachment":[{"href":"https:\/\/kilinskiego12.pl\/en\/wp-json\/wp\/v2\/media?parent=1556"}],"curies":[{"name":"wp","href":"https:\/\/api.w.org\/{rel}","templated":true}]}}